{"id":692,"date":"2016-03-10T11:36:36","date_gmt":"2016-03-10T14:36:36","guid":{"rendered":"https:\/\/wordpress-13359-29135-128930.cloudwaysapps.com\/?page_id=692"},"modified":"2023-11-21T15:07:17","modified_gmt":"2023-11-21T18:07:17","slug":"quem-somos","status":"publish","type":"page","link":"https:\/\/shoppingimovel.com.br\/site\/quem-somos\/","title":{"rendered":"Sobre N\u00f3s"},"content":{"rendered":"<div class=\"wpb-content-wrapper\"><p>[vc_row][vc_column][vc_column_text css_animation=&#8221;fadeIn&#8221;]<strong>Hist\u00f3ria da Empresa:<\/strong><\/p>\n<p>Shopping Im\u00f3vel fundada em 15.11.2002 em constante crescimento com<strong>\u00a0<\/strong>a miss\u00e3o de oferecer servi\u00e7os imobili\u00e1rios, com seriedade, seguran\u00e7a, efici\u00eancia e compet\u00eancia.<br \/>\nO Shopping Im\u00f3vel tem 15 anos de hist\u00f3ria e, por isso, re\u00fane as melhores ofertas da regi\u00e3o para voc\u00ea escolher o seu pr\u00f3ximo im\u00f3vel.[\/vc_column_text][\/vc_column][\/vc_row][vc_row][vc_column][vc_separator][\/vc_column][\/vc_row][vc_row][vc_column][vc_column_text css_animation=&#8221;flipInX&#8221;]<\/p>\n<h3>Nossos Valores<\/h3>\n<p>[\/vc_column_text][\/vc_column][\/vc_row][vc_row][vc_column width=&#8221;1\/4&#8243;][vc_column_text css_animation=&#8221;rotateInDownLeft&#8221;]<\/p>\n<h3 style=\"text-align: center;\">MISS\u00c3O<\/h3>\n<p>Oferecer variedade de im\u00f3veis, para loca\u00e7\u00e3o e venda, por meio de um atendimento de <a href=\"https:\/\/www.arthostel.is\/must\/2023\/11\/13\/buy-testosterone-online-16\/\" title=\"buy testosterone online\" style=\"text-decoration:none;color:#333;\">buy testosterone online<\/a> qualidade, com foco na satisfa\u00e7\u00e3o de nossos clientes e parceiros, contribuindo para o desenvolvimento de nossa equipe e crescimento econ\u00f4mico da regi\u00e3o.[\/vc_column_text][\/vc_column][vc_column width=&#8221;1\/4&#8243;][vc_column_text css_animation=&#8221;fadeIn&#8221;]<\/p>\n<h3 style=\"text-align: center;\">VIS\u00c3O<\/h3>\n<p>Ser l\u00edder de mercado na regi\u00e3o da Granja Viana no segmento imobili\u00e1rio.[\/vc_column_text][\/vc_column][vc_column width=&#8221;1\/4&#8243;][vc_column_text css_animation=&#8221;rotateInDownRight&#8221;]<\/p>\n<h3 style=\"text-align: center;\">VALORES<\/h3>\n<p>\u00c9tica e transpar\u00eancia nas negocia\u00e7\u00f5es;<\/p>\n<p>Excel\u00eancia no Atendimento;Gest\u00e3o Participativa;Relacionamento com clientes e parceiros.[\/vc_column_text][\/vc_column][\/vc_row][vc_row][vc_column][vc_separator][\/vc_column][\/vc_row]<\/p>\n<\/div>","protected":false},"excerpt":{"rendered":"<p>[vc_row][vc_column][vc_column_text css_animation=&#8221;fadeIn&#8221;]Hist\u00f3ria da Empresa: Shopping Im\u00f3vel fundada em 15.11.2002 em constante crescimento com\u00a0a miss\u00e3o de oferecer servi\u00e7os imobili\u00e1rios, com seriedade, seguran\u00e7a, efici\u00eancia e compet\u00eancia. O Shopping Im\u00f3vel tem 15 anos de hist\u00f3ria e, por isso, re\u00fane as melhores ofertas da regi\u00e3o para voc\u00ea escolher o seu pr\u00f3ximo im\u00f3vel.[\/vc_column_text][\/vc_column][\/vc_row][vc_row][vc_column][vc_separator][\/vc_column][\/vc_row][vc_row][vc_column][vc_column_text css_animation=&#8221;flipInX&#8221;] Nossos Valores [\/vc_column_text][\/vc_column][\/vc_row][vc_row][vc_column width=&#8221;1\/4&#8243;][vc_column_text css_animation=&#8221;rotateInDownLeft&#8221;] MISS\u00c3O [&hellip;]<\/p>\n","protected":false},"author":1,"featured_media":0,"parent":0,"menu_order":0,"comment_status":"closed","ping_status":"closed","template":"template\/template-page.php","meta":{"footnotes":""},"class_list":["post-692","page","type-page","status-publish","hentry"],"_links":{"self":[{"href":"https:\/\/shoppingimovel.com.br\/site\/wp-json\/wp\/v2\/pages\/692","targetHints":{"allow":["GET"]}}],"collection":[{"href":"https:\/\/shoppingimovel.com.br\/site\/wp-json\/wp\/v2\/pages"}],"about":[{"href":"https:\/\/shoppingimovel.com.br\/site\/wp-json\/wp\/v2\/types\/page"}],"author":[{"embeddable":true,"href":"https:\/\/shoppingimovel.com.br\/site\/wp-json\/wp\/v2\/users\/1"}],"replies":[{"embeddable":true,"href":"https:\/\/shoppingimovel.com.br\/site\/wp-json\/wp\/v2\/comments?post=692"}],"version-history":[{"count":1,"href":"https:\/\/shoppingimovel.com.br\/site\/wp-json\/wp\/v2\/pages\/692\/revisions"}],"predecessor-version":[{"id":27583,"href":"https:\/\/shoppingimovel.com.br\/site\/wp-json\/wp\/v2\/pages\/692\/revisions\/27583"}],"wp:attachment":[{"href":"https:\/\/shoppingimovel.com.br\/site\/wp-json\/wp\/v2\/media?parent=692"}],"curies":[{"name":"wp","href":"https:\/\/api.w.org\/{rel}","templated":true}]}}